{"id":727,"date":"2025-05-27T16:19:48","date_gmt":"2025-05-27T14:19:48","guid":{"rendered":"https:\/\/atelierc.fr\/?page_id=727"},"modified":"2025-06-30T14:17:23","modified_gmt":"2025-06-30T12:17:23","slug":"practical-information","status":"publish","type":"page","link":"https:\/\/atelierc.fr\/en\/practical-information\/","title":{"rendered":"Practical information"},"content":{"rendered":"\n<div style=\"height:var(--wp--preset--spacing--40)\" aria-hidden=\"true\" class=\"wp-block-spacer\"><\/div>\n\n\n\n<h2 class=\"wp-block-heading is-style-h1\">Practical information<\/h2>\n\n\n\n<p class=\"is-style-intro\">Info &amp; contact details<\/p>\n\n\n\n<div style=\"background-image:url(&apos;https:\/\/atelierc.fr\/wp-content\/uploads\/2025\/05\/bg-contact-4.png&apos;);background-size:cover;\" class=\"wp-block-group alignfull has-global-padding is-layout-constrained wp-block-group-is-layout-constrained has-background\">\n<div class=\"wp-block-kallax-grid o-grid is-layout-flex wp-block-kallax-grid-is-layout-flex\">\n<div class=\"wp-block-kallax-column o-col is-layout-flow o-col-2 u-display-none@md u-display-none@sm\"><\/div>\n\n\n\n<div class=\"wp-block-kallax-column o-col is-layout-flow o-col-4 o-col-6@md o-col-12@sm\">\n<h2 class=\"wp-block-heading is-style-h2-alt\">Office<\/h2>\n\n\n\n<p class=\"has-text-align-center has-blue-light-color has-text-color has-link-color wp-elements-a25539a5bfcf69eaed56118b1e1b90bb\" style=\"margin-top:var(--wp--preset--spacing--10);text-transform:uppercase\">Stage Management &#8211; Sound &#8211; Lighting &#8211; Video<\/p>\n\n\n\n<p class=\"has-text-align-center has-sm-font-size\" style=\"margin-top:var(--wp--preset--spacing--10)\">Our offices are open from 8.30am to 12.30pm and from 2pm to 5.30pm (except Wednesdays).<\/p>\n\n\n\n<p class=\"has-text-align-center has-sm-font-size\" style=\"margin-top:var(--wp--preset--spacing--10)\">474 Chemin de la Prairie &#8211; Village Camarguais<br>13200 Arles<br>T\u00e9l\u00e9phone : 04 90 96 21 96<\/p>\n<\/div>\n\n\n\n<div class=\"wp-block-kallax-column o-col is-layout-flow o-col-4 o-col-6@md o-col-12@sm\">\n<h2 class=\"wp-block-heading is-style-h2-alt\">Carpentry<\/h2>\n\n\n\n<p class=\"has-text-align-center has-blue-light-color has-text-color has-link-color wp-elements-0714cc95415756c705838a452b86c2a1\" style=\"margin-top:var(--wp--preset--spacing--10);text-transform:uppercase\">Stand, decoration &amp; carpentry<\/p>\n\n\n\n<p class=\"has-text-align-center has-sm-font-size\" style=\"margin-top:var(--wp--preset--spacing--10)\">Our joinery is open by appointment only.<\/p>\n\n\n\n<p class=\"has-text-align-center has-sm-font-size\" style=\"margin-top:var(--wp--preset--spacing--10)\">7 Rue Joseph Rainard &#8211; B\u00e2timent A<br>13200 Arles<br>T\u00e9l\u00e9phone : 04 90 98 04 34<\/p>\n<\/div>\n\n\n\n<div class=\"wp-block-kallax-column o-col is-layout-flow o-col-2 u-display-none@md u-display-none@sm\"><\/div>\n<\/div>\n\n\n\r\n<div class=\"c-map alignfull wp-block-acf-map\" id=\"map\" data-markers=\"[{&quot;title&quot;:&quot;Office&quot;,&quot;latitude&quot;:&quot;43.6474807&quot;,&quot;longitude&quot;:&quot;4.634713&quot;},{&quot;title&quot;:&quot;Carpentry&quot;,&quot;latitude&quot;:&quot;43.7077392&quot;,&quot;longitude&quot;:&quot;4.6303056&quot;}]\">\r\n<\/div>\n\n\n<p class=\"has-text-align-center is-style-script\">A project, questions &#8230;?<\/p>\n\n\n\n<p class=\"has-text-align-center\" style=\"margin-top:var(--wp--preset--spacing--30)\">For initial contact, please use the form below or contact <strong><mark style=\"background-color:rgba(0, 0, 0, 0)\" class=\"has-inline-color has-blue-dark-color\">\u00c9lodie on 04 90 96 21 96<\/mark><\/strong><\/p>\n\n\n\n<div class=\"forminator-guttenberg\"><div class=\"forminator-ui forminator-custom-form forminator-custom-form-729 forminator-design--basic  forminator_ajax\" data-forminator-render=\"0\" data-form=\"forminator-module-729\" data-uid=\"6a07ace653c07\"><br\/><\/div><form\n\t\t\t\tid=\"forminator-module-729\"\n\t\t\t\tclass=\"forminator-ui forminator-custom-form forminator-custom-form-729 forminator-design--basic  forminator_ajax\"\n\t\t\t\tmethod=\"post\"\n\t\t\t\tdata-forminator-render=\"0\"\n\t\t\t\tdata-form-id=\"729\"\n\t\t\t\tenctype=\"multipart\/form-data\" data-color-option=\"theme\" data-design=\"basic\" data-grid=\"open\" style=\"display: none;\"\n\t\t\t\tdata-uid=\"6a07ace653c07\"\n\t\t\t><div role=\"alert\" aria-live=\"polite\" class=\"forminator-response-message forminator-error\" aria-hidden=\"true\"><\/div><div class=\"forminator-row\"><div id=\"name-1\" class=\"forminator-field-name forminator-col forminator-col-6 \"><div class=\"forminator-field\"><input type=\"text\" name=\"name-1\" value=\"\" placeholder=\"First Name*\" id=\"forminator-field-name-1_6a07ace653c07\" class=\"forminator-input forminator-name--field\" aria-required=\"true\" autocomplete=\"name\" \/><\/div><\/div><div id=\"name-2\" class=\"forminator-field-name forminator-col forminator-col-6 \"><div class=\"forminator-field\"><input type=\"text\" name=\"name-2\" value=\"\" placeholder=\"Last Name*\" id=\"forminator-field-name-2_6a07ace653c07\" class=\"forminator-input forminator-name--field\" aria-required=\"true\" autocomplete=\"name\" \/><\/div><\/div><\/div><div class=\"forminator-row\"><div id=\"text-2\" class=\"forminator-field-text forminator-col forminator-col-6 \"><div class=\"forminator-field\"><input type=\"text\" name=\"text-2\" value=\"\" placeholder=\"Company*\" id=\"forminator-field-text-2_6a07ace653c07\" class=\"forminator-input forminator-name--field\" data-required=\"1\" \/><\/div><\/div><div id=\"email-1\" class=\"forminator-field-email forminator-col forminator-col-6 \"><div class=\"forminator-field\"><input type=\"email\" name=\"email-1\" value=\"\" placeholder=\"Email*\" id=\"forminator-field-email-1_6a07ace653c07\" class=\"forminator-input forminator-email--field\" data-required=\"true\" aria-required=\"true\" autocomplete=\"email\" \/><\/div><\/div><\/div><div class=\"forminator-row\"><div id=\"phone-1\" class=\"forminator-field-phone forminator-col forminator-col-6 \"><div class=\"forminator-field\"><input type=\"text\" name=\"phone-1\" value=\"\" placeholder=\"Phone Number\" id=\"forminator-field-phone-1_6a07ace653c07\" class=\"forminator-input forminator-field--phone\" data-required=\"\" aria-required=\"false\" autocomplete=\"off\" \/><\/div><\/div><div id=\"text-1\" class=\"forminator-field-text forminator-col forminator-col-6 \"><div class=\"forminator-field\"><input type=\"text\" name=\"text-1\" value=\"\" placeholder=\"Subject*\" id=\"forminator-field-text-1_6a07ace653c07\" class=\"forminator-input forminator-name--field\" data-required=\"1\" \/><\/div><\/div><\/div><div class=\"forminator-row\"><div id=\"textarea-1\" class=\"forminator-field-textarea forminator-col forminator-col-12 \"><div class=\"forminator-field\"><textarea name=\"textarea-1\" placeholder=\"Message...\" id=\"forminator-field-textarea-1_6a07ace653c07\" class=\"forminator-textarea\" rows=\"6\" style=\"--forminator-textarea-min-height:140px;\" ><\/textarea><\/div><\/div><\/div><div class=\"forminator-row\"><div id=\"upload-1\" class=\"forminator-field-upload forminator-col forminator-col-6 \"><div class=\"forminator-field\"><label for=\"forminator-field-upload-1_6a07ace653c07\" id=\"forminator-field-upload-1_6a07ace653c07-label\" class=\"forminator-label\">Add an attachment&#8230;<\/label><div class=\"forminator-multi-upload \" data-element=\"upload-1_6a07ace653c07\"><input type=\"file\" name=\"upload-1[]\" id=\"forminator-field-upload-1_6a07ace653c07\" class=\"forminator-input-file forminator-field-upload-1_6a07ace653c07-729\" multiple=\"multiple\" data-method=\"ajax\" data-size=\"8000000\" data-size-message=\"Maximum file size allowed is 8 MB. \"><div class=\"forminator-multi-upload-message\" aria-hidden=\"true\"><span class=\"forminator-icon-upload\" aria-hidden=\"true\"><\/span><p>Drag and Drop (or) <a class=\"forminator-upload-file--forminator-field-upload-1_6a07ace653c07\" href=\"#\" onclick=\"return false;\">Choose Files<\/a><\/p><\/div><\/div><ul class=\"forminator-uploaded-files upload-container-upload-1_6a07ace653c07\"><\/ul><\/div><\/div><div id=\"consent-1\" class=\"forminator-field-consent forminator-col forminator-col-6 \"><div class=\"forminator-field\"><div class=\"forminator-checkbox__wrapper\"><label id=\"forminator-field-consent-1_6a07ace653c07__label\" class=\"forminator-checkbox forminator-consent\"><input type=\"checkbox\" name=\"consent-1\" id=\"forminator-field-consent-1_6a07ace653c07\" value=\"checked\" aria-labelledby=\"forminator-field-consent-1_6a07ace653c07-label\" aria-describedby=\"forminator-field-consent-1_6a07ace653c07__description\" data-required=\"true\" aria-required=\"true\" \/><span class=\"forminator-checkbox-box\" aria-hidden=\"true\"><\/span><\/label><div id=\"forminator-field-consent-1_6a07ace653c07__description\" class=\"forminator-checkbox__label forminator-consent__label\"><p>I agree to provide this information to Atelier C&#8217; in accordance with its privacy policy.<\/p><\/div><\/div><\/div><\/div><\/div><input type=\"hidden\" name=\"referer_url\" value=\"\" \/><div class=\"forminator-row forminator-row-last\"><div class=\"forminator-col\"><div class=\"forminator-field\"><button class=\"forminator-button forminator-button-submit\">Send<\/button><\/div><\/div><\/div><input type=\"hidden\" id=\"forminator_nonce\" name=\"forminator_nonce\" value=\"459ee3ac94\" \/><input type=\"hidden\" name=\"_wp_http_referer\" value=\"\/en\/wp-json\/wp\/v2\/pages\/727\" \/><input type=\"hidden\" name=\"form_id\" value=\"729\"><input type=\"hidden\" name=\"page_id\" value=\"727\"><input type=\"hidden\" name=\"form_type\" value=\"default\"><input type=\"hidden\" name=\"current_url\" value=\"https:\/\/atelierc.fr\/en\/practical-information\/\"><input type=\"hidden\" name=\"render_id\" value=\"0\"><input type=\"hidden\" name=\"forminator-multifile-hidden\" class=\"forminator-multifile-hidden\"><input type=\"hidden\" name=\"action\" value=\"forminator_submit_form_custom-forms\"><\/form><\/div>\n\n\n\n<p class=\"has-text-align-center is-style-script\">Une facture, des questions administratives ?<\/p>\n\n\n\n<p class=\"has-text-align-center\">Contactez notre service administratif \u00e0 l&#8217;adresse :<br><mark style=\"background-color:rgba(0, 0, 0, 0)\" class=\"has-inline-color has-blue-dark-color\"><strong><a href=\"mailto:administration-elodie@caudiovisuel.com\">administration-elodie@caudiovisuel.com<\/a> ou par t\u00e9l\u00e9phone au 04&nbsp;90&nbsp;96&nbsp;21&nbsp;96<\/strong><\/mark><\/p>\n\n\n\n<div style=\"height:var(--wp--preset--spacing--70)\" aria-hidden=\"true\" class=\"wp-block-spacer\"><\/div>\n<\/div>\n","protected":false},"excerpt":{"rendered":"Practical information Info &amp; contact details A project, questions &#8230;? For initial contact, please use the form below or contact \u00c9lodie on 04 90 96 21 96 Une facture, des questions administratives ? Contactez notre service administratif \u00e0 l&#8217;adresse :administration-elodie@caudiovisuel.com ou par t\u00e9l\u00e9phone au 04&nbsp;90&nbsp;96&nbsp;21&nbsp;96","protected":false},"author":1,"featured_media":0,"parent":0,"menu_order":0,"comment_status":"closed","ping_status":"closed","template":"","meta":{"_acf_changed":false,"_seopress_robots_primary_cat":"","_seopress_titles_title":"%%post_title%%","_seopress_titles_desc":"Our offices are open from 8.30am to 12.30pm and from 2pm to 5.30pm (except Wednesdays).","_seopress_robots_index":"","_seopress_analysis_target_kw":"","footnotes":""},"class_list":["post-727","page","type-page","status-publish","hentry"],"acf":[],"_links":{"self":[{"href":"https:\/\/atelierc.fr\/en\/wp-json\/wp\/v2\/pages\/727","targetHints":{"allow":["GET"]}}],"collection":[{"href":"https:\/\/atelierc.fr\/en\/wp-json\/wp\/v2\/pages"}],"about":[{"href":"https:\/\/atelierc.fr\/en\/wp-json\/wp\/v2\/types\/page"}],"author":[{"embeddable":true,"href":"https:\/\/atelierc.fr\/en\/wp-json\/wp\/v2\/users\/1"}],"replies":[{"embeddable":true,"href":"https:\/\/atelierc.fr\/en\/wp-json\/wp\/v2\/comments?post=727"}],"version-history":[{"count":3,"href":"https:\/\/atelierc.fr\/en\/wp-json\/wp\/v2\/pages\/727\/revisions"}],"predecessor-version":[{"id":1568,"href":"https:\/\/atelierc.fr\/en\/wp-json\/wp\/v2\/pages\/727\/revisions\/1568"}],"wp:attachment":[{"href":"https:\/\/atelierc.fr\/en\/wp-json\/wp\/v2\/media?parent=727"}],"curies":[{"name":"wp","href":"https:\/\/api.w.org\/{rel}","templated":true}]}}